{"id":18,"date":"2016-06-29T12:28:41","date_gmt":"2016-06-29T12:28:41","guid":{"rendered":"http:\/\/wordpress.gvg-heltersberg.de\/?page_id=18"},"modified":"2022-07-21T05:46:22","modified_gmt":"2022-07-21T05:46:22","slug":"frauenchor","status":"publish","type":"page","link":"https:\/\/www.gvg-heltersberg.de\/?page_id=18","title":{"rendered":"Frauenchor"},"content":{"rendered":"<p><a href=\"http:\/\/wordpress.gvg-heltersberg.de\/wp-content\/uploads\/2016\/07\/IMG_3670.jpg\"><img loading=\"lazy\" decoding=\"async\" class=\"aligncenter wp-image-161\" src=\"http:\/\/wordpress.gvg-heltersberg.de\/wp-content\/uploads\/2016\/07\/IMG_3670-300x200.jpg\" alt=\"IMG_3670\" width=\"350\" height=\"233\" srcset=\"https:\/\/www.gvg-heltersberg.de\/wp-content\/uploads\/2016\/07\/IMG_3670-300x200.jpg 300w, https:\/\/www.gvg-heltersberg.de\/wp-content\/uploads\/2016\/07\/IMG_3670-768x512.jpg 768w, https:\/\/www.gvg-heltersberg.de\/wp-content\/uploads\/2016\/07\/IMG_3670-1024x683.jpg 1024w\" sizes=\"(max-width: 350px) 100vw, 350px\" \/><\/a><\/p>\n<p><span style=\"color: #000000;\">Die Gr\u00fcndung unseres Frauenchors, im Sommer 1990, ist als Markstein in der Vereinsgeschichte zu betrachten. W\u00e4hrend einer der zahlreichen Mehrtages-Vereinsausfl\u00fcge, diesmal nach Balderschwang im Allg\u00e4u, entstand beim gem\u00fctlichen abendlichen Beisammensein spontan die Idee, einen Frauenchor zu gr\u00fcnden.Mehr zu erfahren \u00fcber den Chor gibt\u00b4s in der <a style=\"color: #000000;\" href=\"http:\/\/wordpress.gvg-heltersberg.de\/?page_id=13\">Chronik<\/a>.<\/span><\/p>\n<p><span style=\"color: #000000;\">Heute im Jahr 2018 geh\u00f6ren dem Frauenchor 34 S\u00e4ngerinnen an. Diese gliedern sich in folgende Stimmen:<\/span><\/p>\n<p><span style=\"color: #000000;\"><strong>Proben sind ab 2.9.2021 immer donnerstags im B\u00fcrgerhaus Heltersberg, im Singsaal.<\/strong><\/span><\/p>\n<p><span style=\"color: #000000;\">Haben wir dein Interesse geweckt? Dann komm und sing mit uns, wir freuen uns auf dich.<\/span><\/p>\n","protected":false},"excerpt":{"rendered":"<p>Die Gr\u00fcndung unseres Frauenchors, im Sommer 1990, ist als Markstein in der Vereinsgeschichte zu betrachten. W\u00e4hrend einer der zahlreichen Mehrtages-Vereinsausfl\u00fcge, diesmal nach Balderschwang im Allg\u00e4u, entstand beim gem\u00fctlichen abendlichen Beisammensein spontan die Idee, einen Frauenchor zu gr\u00fcnden.Mehr zu erfahren \u00fcber den Chor gibt\u00b4s in der Chronik. Heute im Jahr 2018 geh\u00f6ren dem Frauenchor 34 S\u00e4ngerinnen [&hellip;]<\/p>\n","protected":false},"author":1,"featured_media":0,"parent":13,"menu_order":10,"comment_status":"closed","ping_status":"closed","template":"","meta":{"ngg_post_thumbnail":0,"footnotes":"","_links_to":"","_links_to_target":""},"_links":{"self":[{"href":"https:\/\/www.gvg-heltersberg.de\/index.php?rest_route=\/wp\/v2\/pages\/18"}],"collection":[{"href":"https:\/\/www.gvg-heltersberg.de\/index.php?rest_route=\/wp\/v2\/pages"}],"about":[{"href":"https:\/\/www.gvg-heltersberg.de\/index.php?rest_route=\/wp\/v2\/types\/page"}],"author":[{"embeddable":true,"href":"https:\/\/www.gvg-heltersberg.de\/index.php?rest_route=\/wp\/v2\/users\/1"}],"replies":[{"embeddable":true,"href":"https:\/\/www.gvg-heltersberg.de\/index.php?rest_route=%2Fwp%2Fv2%2Fcomments&post=18"}],"version-history":[{"count":25,"href":"https:\/\/www.gvg-heltersberg.de\/index.php?rest_route=\/wp\/v2\/pages\/18\/revisions"}],"predecessor-version":[{"id":1933,"href":"https:\/\/www.gvg-heltersberg.de\/index.php?rest_route=\/wp\/v2\/pages\/18\/revisions\/1933"}],"up":[{"embeddable":true,"href":"https:\/\/www.gvg-heltersberg.de\/index.php?rest_route=\/wp\/v2\/pages\/13"}],"wp:attachment":[{"href":"https:\/\/www.gvg-heltersberg.de\/index.php?rest_route=%2Fwp%2Fv2%2Fmedia&parent=18"}],"curies":[{"name":"wp","href":"https:\/\/api.w.org\/{rel}","templated":true}]}}