{"id":1940,"date":"2022-07-30T18:14:37","date_gmt":"2022-07-30T18:14:37","guid":{"rendered":"http:\/\/wordpress.gvg-heltersberg.de\/?page_id=1940"},"modified":"2022-07-30T18:14:37","modified_gmt":"2022-07-30T18:14:37","slug":"mitgliederbereich","status":"publish","type":"page","link":"https:\/\/www.gvg-heltersberg.de\/?page_id=1940","title":{"rendered":"Mitgliederbereich"},"content":{"rendered":"\n<p>Hier haben nur die aktiven S\u00e4nger unserer Ch\u00f6re Zutritt&#8230;.<\/p>\n\n\n\n<p>Du m\u00f6chtest sein &#8211; kein Problem. Wir proben donnerstags ab 18.00 Uhr mit den verschiedenen Ch\u00f6ren im Singsaal Helterberg.<\/p>\n\n\n\n<p>Melde Dich einfach bei gvgheltersberg@yahoo.com.<\/p>\n","protected":false},"excerpt":{"rendered":"<p>Hier haben nur die aktiven S\u00e4nger unserer Ch\u00f6re Zutritt&#8230;. Du m\u00f6chtest sein &#8211; kein Problem. Wir proben donnerstags ab 18.00 Uhr mit den verschiedenen Ch\u00f6ren im Singsaal Helterberg. Melde Dich einfach bei gvgheltersberg@yahoo.com.<\/p>\n","protected":false},"author":3,"featured_media":0,"parent":0,"menu_order":0,"comment_status":"closed","ping_status":"closed","template":"","meta":{"ngg_post_thumbnail":0,"footnotes":"","_links_to":"","_links_to_target":""},"_links":{"self":[{"href":"https:\/\/www.gvg-heltersberg.de\/index.php?rest_route=\/wp\/v2\/pages\/1940"}],"collection":[{"href":"https:\/\/www.gvg-heltersberg.de\/index.php?rest_route=\/wp\/v2\/pages"}],"about":[{"href":"https:\/\/www.gvg-heltersberg.de\/index.php?rest_route=\/wp\/v2\/types\/page"}],"author":[{"embeddable":true,"href":"https:\/\/www.gvg-heltersberg.de\/index.php?rest_route=\/wp\/v2\/users\/3"}],"replies":[{"embeddable":true,"href":"https:\/\/www.gvg-heltersberg.de\/index.php?rest_route=%2Fwp%2Fv2%2Fcomments&post=1940"}],"version-history":[{"count":1,"href":"https:\/\/www.gvg-heltersberg.de\/index.php?rest_route=\/wp\/v2\/pages\/1940\/revisions"}],"predecessor-version":[{"id":1947,"href":"https:\/\/www.gvg-heltersberg.de\/index.php?rest_route=\/wp\/v2\/pages\/1940\/revisions\/1947"}],"wp:attachment":[{"href":"https:\/\/www.gvg-heltersberg.de\/index.php?rest_route=%2Fwp%2Fv2%2Fmedia&parent=1940"}],"curies":[{"name":"wp","href":"https:\/\/api.w.org\/{rel}","templated":true}]}}