{"id":73,"date":"2016-06-30T09:16:38","date_gmt":"2016-06-30T09:16:38","guid":{"rendered":"http:\/\/wordpress.gvg-heltersberg.de\/?page_id=73"},"modified":"2019-05-14T10:25:04","modified_gmt":"2019-05-14T10:25:04","slug":"partnerchor","status":"publish","type":"page","link":"https:\/\/www.gvg-heltersberg.de\/?page_id=73","title":{"rendered":"Partnerchor"},"content":{"rendered":"<h1 style=\"text-align: center;\" align=\"JUSTIFY\"><span style=\"color: #000000;\"><b>Gesangverein \u201cGem\u00fctlichkeit\u201d 1911 Heltersberg<\/b><\/span><\/h1>\n<h2 style=\"text-align: center;\"><span style=\"color: #000000;\"><b>40 Jahre S\u00e4ngerfreundschaft<\/b><\/span><\/h2>\n<h2 style=\"text-align: center;\"><span style=\"color: #000000;\"><b>GV &#8222;Gem\u00fctlichkeit&#8220; 1911, Heltersberg&nbsp;&#8211; MGV &#8222;Liederkranz&#8220; Luckenbach<\/b><\/span><\/h2>\n<table class=\" aligncenter\" style=\"height: 159px;\" width=\"453\">\n<tbody>\n<tr>\n<td><a href=\"http:\/\/wordpress.gvg-heltersberg.de\/wp-content\/uploads\/2016\/09\/MGV-Luckenbach.jpg\"><img loading=\"lazy\" decoding=\"async\" class=\"wp-image-236 alignleft\" src=\"http:\/\/wordpress.gvg-heltersberg.de\/wp-content\/uploads\/2016\/09\/MGV-Luckenbach-300x185.jpg\" alt=\"mgv-luckenbach\" width=\"203\" height=\"125\" srcset=\"https:\/\/www.gvg-heltersberg.de\/wp-content\/uploads\/2016\/09\/MGV-Luckenbach-300x185.jpg 300w, https:\/\/www.gvg-heltersberg.de\/wp-content\/uploads\/2016\/09\/MGV-Luckenbach-768x474.jpg 768w, https:\/\/www.gvg-heltersberg.de\/wp-content\/uploads\/2016\/09\/MGV-Luckenbach-1024x632.jpg 1024w\" sizes=\"(max-width: 203px) 100vw, 203px\" \/><\/a><\/td>\n<td><a href=\"http:\/\/wordpress.gvg-heltersberg.de\/wp-content\/uploads\/2016\/09\/GVG-und-die-Luckenbacher.jpg\"><img loading=\"lazy\" decoding=\"async\" class=\"alignright wp-image-227\" src=\"http:\/\/wordpress.gvg-heltersberg.de\/wp-content\/uploads\/2016\/09\/GVG-und-die-Luckenbacher-300x200.jpg\" alt=\"gvg-und-die-luckenbacher\" width=\"203\" height=\"135\" srcset=\"https:\/\/www.gvg-heltersberg.de\/wp-content\/uploads\/2016\/09\/GVG-und-die-Luckenbacher-300x200.jpg 300w, https:\/\/www.gvg-heltersberg.de\/wp-content\/uploads\/2016\/09\/GVG-und-die-Luckenbacher-768x512.jpg 768w, https:\/\/www.gvg-heltersberg.de\/wp-content\/uploads\/2016\/09\/GVG-und-die-Luckenbacher-1024x683.jpg 1024w\" sizes=\"(max-width: 203px) 100vw, 203px\" \/><\/a><\/td>\n<\/tr>\n<\/tbody>\n<\/table>\n<p style=\"text-align: center;\" align=\"JUSTIFY\"><span style=\"font-family: Arial, Helvetica, Univers, 'Zurich BT', sans-serif; color: #000000;\">In der Zeitschrift &#8222;Lied und Chor&#8220; suchte 1976 ein M\u00e4nnerchor aus dem&nbsp; Westerwald einen Partnerchor. Unser damaliger 1. Vorsitzende Hans Stucky nahm daraufhin Kontakt mit dem MGV &#8222;Liederkranz&#8220; Luckenbach auf. Die Vorstandschaft beschloss, den Chor nach Heltersberg einzuladen. So kam es am 31. Juli 1976 zum ersten Treffen in Heltersberg. Mit 2 Bussen reisten die Luckenbacher an. Nachdem man sich beschnuppert hatte, stellte man fest, dass beide Ch\u00f6re sehr gut miteinander harmonierten. Es hatte gleich &#8222;gefunkt&#8220; und dieses sich verstehen, miteinander singen und feiern hat sich bis heute auch im privaten Bereich fortgesetzt. Beim Abschied am Sonntag Abend im Lindenpark, seither auch&nbsp; &#8222;Luckenbacher Bahnhof&#8220; bezeichnet, war klar, dass es ein Wiedersehen geben&nbsp; w\u00fcrde.<\/span><\/p>\n<p style=\"text-align: center;\" align=\"JUSTIFY\"><span style=\"font-family: Arial, Helvetica, Univers, 'Zurich BT', sans-serif; color: #000000;\">Dieser Gegenbesuch fand dann schon am 10. und 11. September 1977 statt.&nbsp; Erwartungsvoll fuhren wir, mit Geschenken f\u00fcr unsere Freunde im Gep\u00e4ck, in den Westerwald. Kurz vor Luckenbach wurde der Bus mit einem Transparent mit der&nbsp; Aufschrift &#8222;LUCKENBACHEXPRESS&#8220; geschm\u00fcckt. Beide Tage waren ausgef\u00fcllt mit&nbsp; Aktivit\u00e4ten. Am Samstag Nachmittag besuchten wir das romantische St\u00e4dtchen&nbsp; Hachenburg, danach stand ein geselliger Abend mit Liedvortr\u00e4gen beider Ch\u00f6re&nbsp; auf dem Programm. Nach der kurzen Nacht wurden wir von unseren Gastgebern schon&nbsp; wieder mit Grillspezialit\u00e4ten und diversen Getr\u00e4nken (\u00c4ppelschiss) bewirtet.&nbsp; Das erste gemeinsame Lied wurde gesungen und viel zu schnell verging die Zeit und wir mussten Abschied nehmen. Das Res\u00fcmee unseres Tripps: Luckenbach ist eine Superlative, was Gastfreundschaft und Geselligkeit anbelangt (so der damalige Schriftf\u00fchrer in seiner Niederschrift).<\/span><\/p>\n<p style=\"text-align: center;\" align=\"JUSTIFY\"><span style=\"font-family: Arial, Helvetica, Univers, 'Zurich BT', sans-serif; color: #000000;\">Danach besuchte man sich gegenseitig nur noch alle 2 Jahre. Damit war es beiden Ch\u00f6ren m\u00f6glich, auch weiterhin z. B. die zur Tradition gewordenen 4 &#8211; Tages &#8211; \u00adFahrten durchzuf\u00fchren. Auch wollte man die wunderbare Freundschaft nicht&nbsp; zu sehr strapazieren.<\/span><\/p>\n<p style=\"text-align: center;\" align=\"JUSTIFY\"><span style=\"font-family: Arial, Helvetica, Univers, 'Zurich BT', sans-serif; color: #000000;\">Im Laufe der Jahre entwickelten sich parallel zur immer harmonischer verlaufenden S\u00e4ngerfreundschaft viele private Freundschaften, die&nbsp; erfreulicherweise bis heute gepflegt werden. Besuche von Heltersberger S\u00e4ngern&nbsp; in Luckenbach und Luckenbacher S\u00e4ngern in Heltersberg zu Familien- und Geburtstagsfeiern sind liebgewordene Tradition.<\/span><\/p>\n<p style=\"text-align: center;\" align=\"JUSTIFY\"><span style=\"font-family: Arial, Helvetica, Univers, 'Zurich BT', sans-serif; color: #000000;\">Im September 1986 galt es in Heltersberg, das 10-j\u00e4hrige Bestehen dieser wohl einmaligen S\u00e4ngerfreundschaft mit einem gemeinsamen Liederabend zu feiern. Erkl\u00e4rtes Ziel beim Abschied am &#8222;Luckenbacher Bahnhof&#8220; war es, auch die&nbsp; 20 j\u00e4hrige Freundschaft noch zu feiern.<\/span><\/p>\n<p style=\"text-align: center;\" align=\"JUSTIFY\"><span style=\"font-family: Arial, Helvetica, Univers, 'Zurich BT', sans-serif; color: #000000;\">Das 15-j\u00e4hrige Jubil\u00e4um (1991) wurde ebenso wie das 20-j\u00e4hrige (1996) in Luckenbach gefeiert. Wir Heltersberger wurden dabei in Luckenbach begr\u00fc\u00dft, wie&nbsp; das nur unter guten Freunden \u00fcblich ist. Am Samstag Abend gestalteten wir gemeinsam den Gottesdienst in der Abteikirche in Marienstatt. In seiner Predigt&nbsp; w\u00fcrdigte Pater Hubert ausf\u00fchrlich die Chorfreundschaft. Danach verbrachten wir&nbsp; im B\u00fcrgerhaus in Luckenbach einen sehr harmonischen und fr\u00f6hlichen Abend. Unsere&nbsp; Gastgeber hatten keine Kosten und M\u00fchen gescheut, um uns zu bewirten (sie hatten&nbsp; einen 4-Sterne Koch engagiert) und die Feier dem Anlass entsprechend zu&nbsp; gestalten.<\/span><\/p>\n<p style=\"text-align: center;\" align=\"JUSTIFY\"><span style=\"font-family: Arial, Helvetica, Univers, 'Zurich BT', sans-serif; color: #000000;\">Entscheidenden Anteil am Fortbestehen dieser Verbindung hatten die jeweiligen Vorsitzenden und Chorleiter beider Vereine. So war es ganz&nbsp; selbstverst\u00e4ndlich, dass die S\u00e4nger gemeinsam den Gottesdienst in Heltersberg (1979) gestalteten, zusammen bei einem Liederabend (1983 und 1993) sangen und in&nbsp; der Abteikirche der Zisterzienser in Marienstatt nahe Luckenbach den&nbsp; Abendgottesdienst (1988, 1991 und 1996) feierlich mit Gesang umrahmten.&nbsp; Nat\u00fcrlich kam bei jedem Treffen der gemeinsame Chorgesang nie zu kurz. Neben dem&nbsp; &#8222;geordneten&#8220; Gesang beider Ch\u00f6re gab es immer wieder kleine S\u00e4ngergruppen, die&nbsp; spontan Lieder anstimmten, was alle Anwesenden zum Mitsingen animierte.<\/span><\/p>\n<p style=\"text-align: center;\" align=\"JUSTIFY\"><span style=\"font-family: Arial, Helvetica, Univers, 'Zurich BT', sans-serif; color: #000000;\">Eine Abordnung von Luckenbacher S\u00e4ngern besuchte uns am 17.10.1987 bei unserem Liederabend, als Ehrenchorleiter Heinz Scherf verabschiedet wurde und sein Nachfolger Helmut Stucky offiziell das Dirigentenamt \u00fcbernahm.<\/span><\/p>\n<p style=\"text-align: center;\" align=\"JUSTIFY\"><span style=\"font-family: Arial, Helvetica, Univers, 'Zurich BT', sans-serif; color: #000000;\">Ebenso starteten einige S\u00e4nger des GV &#8222;Gem\u00fctlichkeit&#8220; am 23.10.1993 nach Luckenbach. Dort wurde der langj\u00e4hrige Chorleiter Herbert Benner in den&nbsp; verdienten Ruhestand entlassen und sein Nachfolger Bruno M\u00fcller in sein neues &#8222;Amt&#8220; eingef\u00fchrt.<\/span><\/p>\n<p style=\"text-align: center;\" align=\"JUSTIFY\"><span style=\"font-family: Arial, Helvetica, Univers, 'Zurich BT', sans-serif; color: #000000;\">Bei den jeweiligen Besuchen gab es neben der offiziellen auch die&nbsp; musikalische Begr\u00fc\u00dfung und danach den obligatorischen Umtrunk, der schon ab und&nbsp; zu enorme Ausma\u00dfe annahm. Au\u00dfer den pers\u00f6nlichen Geschenken wurden auch immer gegenseitig Geschenke von beiden Ch\u00f6ren \u00fcberreicht. So schleppten wir&nbsp; Heltersberger Pf\u00e4lzer Wein, Hausmacher Wurst oder auch &#8222;Pf\u00e4lzer Grumbeere&#8220; ebenso wie einen Tischwimpel, Bierstiefel oder eine Fahnenschleife nach&nbsp; Luckenbach. Die Luckenbacher ihrerseits \u00fcberraschten uns mit Bierhumpen, echtem&nbsp; &#8222;Westerw\u00e4lder K\u00fcmme, Fahnenschleife, Tonkr\u00fcgen gef\u00fcllt mit &#8222;W\u00e4ller&#8220; Br\u00e4nden oder einer herrlichen Luftaufnahme von Luckenbach.<\/span><\/p>\n<p style=\"text-align: center;\" align=\"JUSTIFY\"><span style=\"font-family: Arial, Helvetica, Univers, 'Zurich BT', sans-serif; color: #000000;\">Es gab auch Gastgeschenke, die hier besonders erw\u00e4hnt werden sollen:<\/span><\/p>\n<p style=\"text-align: center;\" align=\"JUSTIFY\"><span style=\"font-family: Arial, Helvetica, Univers, 'Zurich BT', sans-serif; color: #000000;\">Bei unserem Besuch im Jahre 1988 in Luckenbach transportierte der S\u00e4nger Edu ein exquisites Gastgeschenk, n\u00e4mlich eine echte &#8222;Pf\u00e4lzer Wutz&#8220;, nach Luckenbach. Die \u00dcberraschung war uns gelungen. Wie sp\u00e4ter zu erfahren war, haben die Luckenbacher sich mit einem z\u00fcnftigen Schlachtfest von ihrer &#8222;Wutz&#8220;&nbsp; verabschiedet.<\/span><\/p>\n<p style=\"text-align: center;\" align=\"JUSTIFY\"><span style=\"font-family: Arial, Helvetica, Univers, 'Zurich BT', sans-serif; color: #000000;\">1990 \u00fcberraschten uns die Luckenbacher mit einem 3 m hohen Blutahornbaum&nbsp; und 4 Basalts\u00e4ulen mit Widmung. Der Baum wurde am Samstag Nachmittag im Beisein der B\u00fcrgermeister von Luckenbach und Heltersberg im Hof des neuen B\u00fcrgerhauses gepflanzt. Um sein Wachstum zu beschleunigen wurde er entsprechend ge-\u2018(be)gossen.<\/span><\/p>\n<p style=\"text-align: center;\" align=\"JUSTIFY\"><span style=\"font-family: Arial, Helvetica, Univers, 'Zurich BT', sans-serif; color: #000000;\">Zur Feier des 20 &#8211; j\u00e4hrigen 1996 brachten wir den Luckenbachern einen&nbsp; echten P\u00e4lzer Sandstein mit. Eine eingemeiselte Inschrift &#8222;20 Jahre&nbsp; S\u00e4ngerfreundschaft GV &#8222;Gem\u00fctlichkeit \/ MGV Liederkranz&#8220; sowie die Entfernungsangabe &#8222;Heltersberg &#8211; Luckenbach 240 km&#8220; ziert den Stein, der einen sch\u00f6nen Platz am Eingang zum B\u00fcrgerhaus gefunden hat.<\/span><\/p>\n<p style=\"text-align: center;\" align=\"JUSTIFY\"><span style=\"font-family: Arial, Helvetica, Univers, 'Zurich BT', sans-serif; color: #000000;\">Im Jahr 2001, die S\u00e4ngerfreundschaft hat 25 Jahre \u00fcberdauert und gleichzeitig feiert der GV Gem\u00fctlichkeit&#8220; sein 90 &#8211; j\u00e4hriges Jubil\u00e4um. Gemeinsam sangen und&nbsp;feierten&nbsp;wir mit unseren Freunden aus Luckenbach am 19. und&nbsp; 20. Juni in der Festhalle. Wir durften gespannt sein, womit uns die Luckenbacher dieses Mal \u00fcberraschten.<\/span><\/p>\n","protected":false},"excerpt":{"rendered":"<p>Gesangverein \u201cGem\u00fctlichkeit\u201d 1911 Heltersberg 40 Jahre S\u00e4ngerfreundschaft GV &#8222;Gem\u00fctlichkeit&#8220; 1911, Heltersberg&nbsp;&#8211; MGV &#8222;Liederkranz&#8220; Luckenbach In der Zeitschrift &#8222;Lied und Chor&#8220; suchte 1976 ein M\u00e4nnerchor aus dem&nbsp; Westerwald einen Partnerchor. Unser damaliger 1. Vorsitzende Hans Stucky nahm daraufhin Kontakt mit dem MGV &#8222;Liederkranz&#8220; Luckenbach auf. Die Vorstandschaft beschloss, den Chor nach Heltersberg einzuladen. So kam es [&hellip;]<\/p>\n","protected":false},"author":1,"featured_media":0,"parent":0,"menu_order":20,"comment_status":"closed","ping_status":"closed","template":"","meta":{"ngg_post_thumbnail":0,"footnotes":"","_links_to":"","_links_to_target":""},"_links":{"self":[{"href":"https:\/\/www.gvg-heltersberg.de\/index.php?rest_route=\/wp\/v2\/pages\/73"}],"collection":[{"href":"https:\/\/www.gvg-heltersberg.de\/index.php?rest_route=\/wp\/v2\/pages"}],"about":[{"href":"https:\/\/www.gvg-heltersberg.de\/index.php?rest_route=\/wp\/v2\/types\/page"}],"author":[{"embeddable":true,"href":"https:\/\/www.gvg-heltersberg.de\/index.php?rest_route=\/wp\/v2\/users\/1"}],"replies":[{"embeddable":true,"href":"https:\/\/www.gvg-heltersberg.de\/index.php?rest_route=%2Fwp%2Fv2%2Fcomments&post=73"}],"version-history":[{"count":21,"href":"https:\/\/www.gvg-heltersberg.de\/index.php?rest_route=\/wp\/v2\/pages\/73\/revisions"}],"predecessor-version":[{"id":1200,"href":"https:\/\/www.gvg-heltersberg.de\/index.php?rest_route=\/wp\/v2\/pages\/73\/revisions\/1200"}],"wp:attachment":[{"href":"https:\/\/www.gvg-heltersberg.de\/index.php?rest_route=%2Fwp%2Fv2%2Fmedia&parent=73"}],"curies":[{"name":"wp","href":"https:\/\/api.w.org\/{rel}","templated":true}]}}